{"id":252,"date":"2024-10-08T17:56:43","date_gmt":"2024-10-08T17:56:43","guid":{"rendered":"https:\/\/microbus.fi\/?page_id=252"},"modified":"2024-10-16T12:17:38","modified_gmt":"2024-10-16T12:17:38","slug":"historia","status":"publish","type":"page","link":"https:\/\/microbus.fi\/sv\/historia\/","title":{"rendered":"Historia"},"content":{"rendered":"<p class=\"has-text-align-right has-custom-microbus-main-color has-text-color has-link-color wp-elements-3cea061a1289cef26797188ce34fe2fd\"><\/p>\n\n\n\n<div class=\"wp-block-group alignwide has-global-padding is-content-justification-left is-layout-constrained wp-container-core-group-is-layout-c2c1bb3a wp-block-group-is-layout-constrained\" style=\"margin-top:var(--wp--preset--spacing--20);margin-bottom:var(--wp--preset--spacing--20);padding-top:0;padding-bottom:0\">\n<h2 class=\"wp-block-heading has-large-font-size\">Om oss<\/h2>\n\n\n\n<p class=\"has-background-color has-text-color has-link-color wp-elements-962c44a9bb20b7e4e9344c48c9633689\" style=\"margin-top:16px\">Med \u00f6ver 40 \u00e5rs erfarenhet har vi byggt upp en stark kompetens som g\u00f6r oss till en stabil och p\u00e5litlig partner f\u00f6r dina projekt.<\/p>\n\n\n\n<div class=\"wp-block-columns alignwide is-layout-flex wp-container-core-columns-is-layout-28f84493 wp-block-columns-is-layout-flex\">\n<div class=\"wp-block-column has-background-background-color has-background is-layout-flow wp-block-column-is-layout-flow\">\n<div class=\"wp-block-columns alignwide is-layout-flex wp-container-core-columns-is-layout-28f84493 wp-block-columns-is-layout-flex\">\n<div class=\"wp-block-column has-background-background-color has-background is-layout-flow wp-block-column-is-layout-flow\">\n<div class=\"wp-block-media-text is-stacked-on-mobile has-background\" style=\"background-color:#d2d2d2\"><figure class=\"wp-block-media-text__media\"><img loading=\"lazy\" decoding=\"async\" width=\"2112\" height=\"1584\" src=\"https:\/\/microbus.fi\/wp-content\/uploads\/2024\/09\/blandat-029-1-edited-1.jpg\" alt=\"\" class=\"wp-image-106 size-full\" srcset=\"https:\/\/microbus.fi\/wp-content\/uploads\/2024\/09\/blandat-029-1-edited-1.jpg 2112w, https:\/\/microbus.fi\/wp-content\/uploads\/2024\/09\/blandat-029-1-edited-1-300x225.jpg 300w, https:\/\/microbus.fi\/wp-content\/uploads\/2024\/09\/blandat-029-1-edited-1-1024x768.jpg 1024w, https:\/\/microbus.fi\/wp-content\/uploads\/2024\/09\/blandat-029-1-edited-1-768x576.jpg 768w, https:\/\/microbus.fi\/wp-content\/uploads\/2024\/09\/blandat-029-1-edited-1-1536x1152.jpg 1536w, https:\/\/microbus.fi\/wp-content\/uploads\/2024\/09\/blandat-029-1-edited-1-2048x1536.jpg 2048w, https:\/\/microbus.fi\/wp-content\/uploads\/2024\/09\/blandat-029-1-edited-1-16x12.jpg 16w\" sizes=\"auto, (max-width: 2112px) 100vw, 2112px\" \/><\/figure><div class=\"wp-block-media-text__content\">\n<p class=\"has-background-color has-text-color has-link-color wp-elements-1a9de62e2ef84ae493967dda814de2b0\">Det som verkligen g\u00f6r oss unika \u00e4r v\u00e5r bakgrund. Eftersom vi sj\u00e4lva har tillverkat produkter tidigare, har vi ett djupare tekniskt kunnande och ett \u00f6ga f\u00f6r detaljer. Vi ser p\u00e5 v\u00e5ra l\u00f6sningar ur ett tillverkarperspektiv \u2013 hur skulle vi sj\u00e4lva bygga den h\u00e4r sk\u00e4rmen f\u00f6r att s\u00e4kerst\u00e4lla l\u00e5ng h\u00e5llbarhet, h\u00f6g prestanda och b\u00e4sta m\u00f6jliga kvalitet? Detta \u00e4r en insikt som f\u00e5 andra akt\u00f6rer p\u00e5 marknaden kan erbjuda.<\/p>\n<\/div><\/div>\n<\/div>\n<\/div>\n<\/div>\n<\/div>\n<\/div>\n\n\n\n<div class=\"wp-block-columns alignwide is-layout-flex wp-container-core-columns-is-layout-28f84493 wp-block-columns-is-layout-flex\">\n<div class=\"wp-block-column has-background is-layout-flow wp-block-column-is-layout-flow\" style=\"background-color:#d2d2d2\">\n<div class=\"wp-block-media-text has-media-on-the-right is-stacked-on-mobile has-background\" style=\"background-color:#d2d2d2;margin-top:var(--wp--preset--spacing--20);margin-bottom:var(--wp--preset--spacing--20);padding-top:0;padding-bottom:0\"><div class=\"wp-block-media-text__content\">\n<p>V\u00e5rt team best\u00e5r av ett stort antal medarbetare som \u00e4r helt specialiserade p\u00e5 LED-teknik, vilket g\u00f6r att du har tillg\u00e5ng till expertis som \u00e4r sv\u00e5r att hitta n\u00e5gon annanstans. Vi har ett av de \u00e4ldsta varum\u00e4rkena i branschen, och s\u00e4kerst\u00e4ller att varje leverans uppfyller h\u00f6ga standarder och krav.<\/p>\n<\/div><figure class=\"wp-block-media-text__media\"><img loading=\"lazy\" decoding=\"async\" width=\"1024\" height=\"576\" src=\"https:\/\/microbus.fi\/wp-content\/uploads\/2024\/09\/DSC04771-1-1024x576.jpg\" alt=\"\" class=\"wp-image-97 size-full\" srcset=\"https:\/\/microbus.fi\/wp-content\/uploads\/2024\/09\/DSC04771-1-1024x576.jpg 1024w, https:\/\/microbus.fi\/wp-content\/uploads\/2024\/09\/DSC04771-1-300x169.jpg 300w, https:\/\/microbus.fi\/wp-content\/uploads\/2024\/09\/DSC04771-1-768x432.jpg 768w, https:\/\/microbus.fi\/wp-content\/uploads\/2024\/09\/DSC04771-1-1536x864.jpg 1536w, https:\/\/microbus.fi\/wp-content\/uploads\/2024\/09\/DSC04771-1-2048x1152.jpg 2048w, https:\/\/microbus.fi\/wp-content\/uploads\/2024\/09\/DSC04771-1-18x10.jpg 18w\" sizes=\"auto, (max-width: 1024px) 100vw, 1024px\" \/><\/figure><\/div>\n<\/div>\n<\/div>\n\n\n\n<p class=\"has-text-align-right has-custom-microbus-main-color has-text-color has-link-color wp-elements-3cea061a1289cef26797188ce34fe2fd\"><\/p>\n\n\n\n<p><\/p>","protected":false},"excerpt":{"rendered":"<p>Tietoja meist\u00e4 Yli 40 vuoden kokemuksella olemme rakentaneet vankan asiantuntemuksen, joka tekee meist\u00e4 vakaan ja luotettavan kumppanin projekteillesi. Se, mik\u00e4 todella tekee meist\u00e4 ainutlaatuisia, on taustamme. Koska olemme itse valmistaneet tuotteita aiemmin, meill\u00e4 on syv\u00e4llisempi tekninen osaaminen ja tarkka silm\u00e4 yksityiskohdille. Tarkastelemme ratkaisuja valmistajan n\u00e4k\u00f6kulmasta \u2013 miten rakentaisimme t\u00e4m\u00e4n n\u00e4yt\u00f6n itse varmistaaksemme pitk\u00e4n kest\u00e4vyyden, korkean [&hellip;]<\/p>\n","protected":false},"author":1,"featured_media":0,"parent":0,"menu_order":0,"comment_status":"closed","ping_status":"closed","template":"","meta":{"_monsterinsights_skip_tracking":false,"_monsterinsights_sitenote_active":false,"_monsterinsights_sitenote_note":"","_monsterinsights_sitenote_category":0,"footnotes":""},"class_list":["post-252","page","type-page","status-publish","hentry"],"aioseo_notices":[],"_links":{"self":[{"href":"https:\/\/microbus.fi\/sv\/wp-json\/wp\/v2\/pages\/252","targetHints":{"allow":["GET"]}}],"collection":[{"href":"https:\/\/microbus.fi\/sv\/wp-json\/wp\/v2\/pages"}],"about":[{"href":"https:\/\/microbus.fi\/sv\/wp-json\/wp\/v2\/types\/page"}],"author":[{"embeddable":true,"href":"https:\/\/microbus.fi\/sv\/wp-json\/wp\/v2\/users\/1"}],"replies":[{"embeddable":true,"href":"https:\/\/microbus.fi\/sv\/wp-json\/wp\/v2\/comments?post=252"}],"version-history":[{"count":15,"href":"https:\/\/microbus.fi\/sv\/wp-json\/wp\/v2\/pages\/252\/revisions"}],"predecessor-version":[{"id":482,"href":"https:\/\/microbus.fi\/sv\/wp-json\/wp\/v2\/pages\/252\/revisions\/482"}],"wp:attachment":[{"href":"https:\/\/microbus.fi\/sv\/wp-json\/wp\/v2\/media?parent=252"}],"curies":[{"name":"wp","href":"https:\/\/api.w.org\/{rel}","templated":true}]}}